{"id":32729,"date":"2017-07-02T19:47:06","date_gmt":"2017-07-02T18:47:06","guid":{"rendered":"http:\/\/svetbohatych.com\/ebook\/?page_id=32729"},"modified":"2025-03-10T14:21:06","modified_gmt":"2025-03-10T13:21:06","slug":"objednavka","status":"publish","type":"page","link":"https:\/\/svetbohatych.com\/ebook\/objednavka\/","title":{"rendered":"Objedn\u00e1vka"},"content":{"rendered":"<p>[et_pb_section fb_built=&#8220;1&#8243; admin_label=&#8220;section&#8220; _builder_version=&#8220;4.16&#8243; custom_padding=&#8220;0px|0px|38px|0px&#8220; global_colors_info=&#8220;{}&#8220;][et_pb_row admin_label=&#8220;row&#8220; _builder_version=&#8220;4.16&#8243; background_size=&#8220;initial&#8220; background_position=&#8220;top_left&#8220; background_repeat=&#8220;repeat&#8220; custom_padding=&#8220;0px|0px|23px|0px&#8220; global_colors_info=&#8220;{}&#8220;][et_pb_column type=&#8220;4_4&#8243; _builder_version=&#8220;4.16&#8243; custom_padding=&#8220;|||&#8220; global_colors_info=&#8220;{}&#8220; custom_padding__hover=&#8220;|||&#8220;][et_pb_text admin_label=&#8220;Text&#8220; _builder_version=&#8220;4.16&#8243; background_size=&#8220;initial&#8220; background_position=&#8220;top_left&#8220; background_repeat=&#8220;repeat&#8220; global_colors_info=&#8220;{}&#8220;][\/et_pb_text][et_pb_text admin_label=&#8220;Text&#8220; _builder_version=&#8220;4.16&#8243; text_font=&#8220;Open Sans||||&#8220; text_text_color=&#8220;#3f3f3f&#8220; text_font_size=&#8220;22px&#8220; text_line_height=&#8220;1.3em&#8220; header_font=&#8220;Lato Light||||&#8220; header_text_color=&#8220;#000000&#8243; header_font_size=&#8220;52px&#8220; background_size=&#8220;initial&#8220; background_position=&#8220;top_left&#8220; background_repeat=&#8220;repeat&#8220; text_font_size_tablet=&#8220;23px&#8220; text_font_size_phone=&#8220;23px&#8220; text_font_size_last_edited=&#8220;on|phone&#8220; header_font_size_tablet=&#8220;45px&#8220; header_font_size_phone=&#8220;35px&#8220; header_font_size_last_edited=&#8220;on|desktop&#8220; saved_tabs=&#8220;all&#8220; inline_fonts=&#8220;Open Sans Light&#8220; global_colors_info=&#8220;{}&#8220;]<\/p>\n<h1 style=\"text-align: center;\">Objedn\u00e1vka e-knihy (.pdf)<\/h1>\n<p class=\"\" style=\"text-align: center;\"><span style=\"font-size: 20px;\"><span style=\"font-weight: 300; font-family: 'Open Sans';\">Za\u010dni pracova\u0165 na svojom online pr\u00edjme. Teraz za\u00a0<\/span><s style=\"font-size: 20px; text-align: left;\"><span>24 \u20ac<\/span><\/s>\u00a0<span style=\"color: #f20000;\"><strong>9,90 \u20ac<\/strong><\/span><\/span><\/p>\n<p class=\"\" style=\"text-align: center;\"><span style=\"font-size: 20px;\"><span style=\"color: #ff0000;\"><strong><\/strong><\/span><\/span><\/p>\n<p>[\/et_pb_text][\/et_pb_column][\/et_pb_row][et_pb_row column_structure=&#8220;1_2,1_2&#8243; admin_label=&#8220;row&#8220; _builder_version=&#8220;4.16&#8243; background_size=&#8220;initial&#8220; background_position=&#8220;top_left&#8220; background_repeat=&#8220;repeat&#8220; global_colors_info=&#8220;{}&#8220;][et_pb_column type=&#8220;1_2&#8243; _builder_version=&#8220;4.16&#8243; custom_padding=&#8220;|||&#8220; global_colors_info=&#8220;{}&#8220; custom_padding__hover=&#8220;|||&#8220;][et_pb_blurb image_icon_width=&#8220;none&#8220; admin_label=&#8220;Kr\u00e1tky text&#8220; _builder_version=&#8220;4.16&#8243; background_size=&#8220;initial&#8220; background_position=&#8220;top_left&#8220; background_repeat=&#8220;repeat&#8220; image_max_width=&#8220;none&#8220; global_colors_info=&#8220;{}&#8220;] <script type=\"text\/javascript\" src=\"https:\/\/form.fapi.cz\/script.php?id=bbb79802-5b84-11e7-9fc5-0abe964d4c07\"><\/script> [\/et_pb_blurb][\/et_pb_column][et_pb_column type=&#8220;1_2&#8243; _builder_version=&#8220;4.16&#8243; custom_padding=&#8220;|||&#8220; global_colors_info=&#8220;{}&#8220; custom_padding__hover=&#8220;|||&#8220;][et_pb_blurb image_icon_width=&#8220;none&#8220; admin_label=&#8220;Kr\u00e1tky text&#8220; _builder_version=&#8220;4.16&#8243; body_text_color=&#8220;#212121&#8243; body_font_size=&#8220;17px&#8220; background_size=&#8220;initial&#8220; background_position=&#8220;top_left&#8220; background_repeat=&#8220;repeat&#8220; image_max_width=&#8220;none&#8220; global_colors_info=&#8220;{}&#8220;]<\/p>\n<ul>\n<li>Zaplaten\u00edm z\u00edska\u0161 <strong>e-book &#8222;Ako zar\u00e1ba\u0165 online&#8220;<\/strong> vo form\u00e1te PDF (208 str\u00e1n), posledn\u00e1 aktualiz\u00e1cia j\u00fan 2020<\/li>\n<\/ul>\n<ul>\n<li>Vstup do <span style=\"text-decoration: underline;\"><a href=\"https:\/\/svetbohatych.com\/ebook\/vip\/\" target=\"_blank\" rel=\"noopener noreferrer\">uzavretej sekcie<\/a>,<\/span> kde n\u00e1jde\u0161 viacero pom\u00f4cok pri budovan\u00ed svojho online pr\u00edjmu<\/li>\n<\/ul>\n<ul>\n<li>Bonusov\u00fa e-knihu: &#8222;<strong>Ako na\u0161tartova\u0165 svoju produktivitu&#8220;<\/strong><\/li>\n<\/ul>\n<ul>\n<li>Do\u017eivotn\u00fd pr\u00edstup ku <strong>v\u0161etk\u00fdm aktualiz\u00e1ci\u00e1m<\/strong><\/li>\n<\/ul>\n<p><img loading=\"lazy\" decoding=\"async\" src=\"https:\/\/svetbohatych.com\/ebook\/wp-content\/uploads\/2021\/02\/ako-zarabat-online.png\" width=\"348\" height=\"273\" alt=\"\" class=\"wp-image-33864 aligncenter size-full\" \/><\/p>\n<p><img loading=\"lazy\" decoding=\"async\" class=\"wp-image-32878 aligncenter size-full\" src=\"https:\/\/svetbohatych.com\/ebook\/wp-content\/uploads\/2017\/10\/vip-sekcia.png\" alt=\"\" width=\"855\" height=\"474\" srcset=\"https:\/\/svetbohatych.com\/ebook\/wp-content\/uploads\/2017\/10\/vip-sekcia.png 855w, https:\/\/svetbohatych.com\/ebook\/wp-content\/uploads\/2017\/10\/vip-sekcia-300x166.png 300w, https:\/\/svetbohatych.com\/ebook\/wp-content\/uploads\/2017\/10\/vip-sekcia-768x426.png 768w\" sizes=\"(max-width: 855px) 100vw, 855px\" \/><\/p>\n<p><img loading=\"lazy\" decoding=\"async\" src=\"https:\/\/svetbohatych.com\/ebook\/wp-content\/uploads\/2022\/05\/cover-produktivita.png\" width=\"400\" height=\"363\" alt=\"\" class=\"wp-image-34072 aligncenter size-full\" \/><\/p>\n<p>[\/et_pb_blurb][et_pb_image src=&#8220;https:\/\/svetbohatych.com\/ebook\/wp-content\/uploads\/2018\/01\/gopay.png&#8220; align=&#8220;center&#8220; align_tablet=&#8220;center&#8220; align_phone=&#8220;&#8220; align_last_edited=&#8220;on|desktop&#8220; admin_label=&#8220;Obr\u00e1zok&#8220; _builder_version=&#8220;4.16&#8243; max_width=&#8220;240px&#8220; animation=&#8220;off&#8220; global_colors_info=&#8220;{}&#8220;][\/et_pb_image][et_pb_image src=&#8220;https:\/\/svetbohatych.com\/ebook\/wp-content\/uploads\/2018\/01\/bezpecnaplatba.png&#8220; align=&#8220;center&#8220; align_tablet=&#8220;center&#8220; align_phone=&#8220;&#8220; align_last_edited=&#8220;on|desktop&#8220; admin_label=&#8220;Obr\u00e1zok&#8220; _builder_version=&#8220;4.16&#8243; max_width=&#8220;240px&#8220; animation=&#8220;off&#8220; global_colors_info=&#8220;{}&#8220;][\/et_pb_image][et_pb_image src=&#8220;https:\/\/svetbohatych.com\/ebook\/wp-content\/uploads\/2018\/01\/karty.png&#8220; align=&#8220;center&#8220; align_tablet=&#8220;center&#8220; align_phone=&#8220;&#8220; align_last_edited=&#8220;on|desktop&#8220; admin_label=&#8220;Obr\u00e1zok&#8220; _builder_version=&#8220;4.16&#8243; max_width=&#8220;200px&#8220; animation=&#8220;off&#8220; global_colors_info=&#8220;{}&#8220;][\/et_pb_image][\/et_pb_column][\/et_pb_row][\/et_pb_section]<\/p>\n","protected":false},"excerpt":{"rendered":"<p>Objedn\u00e1vka e-knihy (.pdf) Za\u010dni pracova\u0165 na svojom online pr\u00edjme. Teraz za\u00a024 \u20ac\u00a09,90 \u20ac Zaplaten\u00edm z\u00edska\u0161 e-book &#8222;Ako zar\u00e1ba\u0165 online&#8220; vo form\u00e1te PDF (208 str\u00e1n), posledn\u00e1 aktualiz\u00e1cia j\u00fan 2020 Vstup do uzavretej sekcie, kde n\u00e1jde\u0161 viacero pom\u00f4cok pri budovan\u00ed svojho online pr\u00edjmu Bonusov\u00fa e-knihu: &#8222;Ako na\u0161tartova\u0165 svoju produktivitu&#8220; Do\u017eivotn\u00fd pr\u00edstup ku v\u0161etk\u00fdm aktualiz\u00e1ci\u00e1m<\/p>\n","protected":false},"author":1,"featured_media":0,"parent":0,"menu_order":0,"comment_status":"closed","ping_status":"closed","template":"","meta":{"_et_pb_use_builder":"on","_et_pb_old_content":"","_et_gb_content_width":"","footnotes":""},"class_list":["post-32729","page","type-page","status-publish","hentry"],"yoast_head":"<!-- This site is optimized with the Yoast SEO plugin v26.2 - https:\/\/yoast.com\/wordpress\/plugins\/seo\/ -->\n<title>Objedn\u00e1vka - E-kniha<\/title>\n<meta name=\"robots\" content=\"index, follow, max-snippet:-1, max-image-preview:large, max-video-preview:-1\" \/>\n<link rel=\"canonical\" href=\"https:\/\/svetbohatych.com\/ebook\/objednavka\/\" \/>\n<meta property=\"og:locale\" content=\"sk_SK\" \/>\n<meta property=\"og:type\" content=\"article\" \/>\n<meta property=\"og:title\" content=\"Objedn\u00e1vka - E-kniha\" \/>\n<meta property=\"og:description\" content=\"Objedn\u00e1vka e-knihy (.pdf) Za\u010dni pracova\u0165 na svojom online pr\u00edjme. Teraz za\u00a024 \u20ac\u00a09,90 \u20ac Zaplaten\u00edm z\u00edska\u0161 e-book &quot;Ako zar\u00e1ba\u0165 online&quot; vo form\u00e1te PDF (208 str\u00e1n), posledn\u00e1 aktualiz\u00e1cia j\u00fan 2020 Vstup do uzavretej sekcie, kde n\u00e1jde\u0161 viacero pom\u00f4cok pri budovan\u00ed svojho online pr\u00edjmu Bonusov\u00fa e-knihu: &quot;Ako na\u0161tartova\u0165 svoju produktivitu&quot; Do\u017eivotn\u00fd pr\u00edstup ku v\u0161etk\u00fdm aktualiz\u00e1ci\u00e1m\" \/>\n<meta property=\"og:url\" content=\"https:\/\/svetbohatych.com\/ebook\/objednavka\/\" \/>\n<meta property=\"og:site_name\" content=\"E-kniha\" \/>\n<meta property=\"article:modified_time\" content=\"2025-03-10T13:21:06+00:00\" \/>\n<meta property=\"og:image\" content=\"https:\/\/svetbohatych.com\/ebook\/wp-content\/uploads\/2021\/02\/ako-zarabat-online.png\" \/>\n\t<meta property=\"og:image:width\" content=\"761\" \/>\n\t<meta property=\"og:image:height\" content=\"598\" \/>\n\t<meta property=\"og:image:type\" content=\"image\/png\" \/>\n<meta name=\"twitter:card\" content=\"summary_large_image\" \/>\n<meta name=\"twitter:label1\" content=\"Predpokladan\u00fd \u010das \u010d\u00edtania\" \/>\n\t<meta name=\"twitter:data1\" content=\"3 min\u00faty\" \/>\n<script type=\"application\/ld+json\" class=\"yoast-schema-graph\">{\"@context\":\"https:\/\/schema.org\",\"@graph\":[{\"@type\":\"WebPage\",\"@id\":\"https:\/\/svetbohatych.com\/ebook\/objednavka\/\",\"url\":\"https:\/\/svetbohatych.com\/ebook\/objednavka\/\",\"name\":\"Objedn\u00e1vka - E-kniha\",\"isPartOf\":{\"@id\":\"https:\/\/svetbohatych.com\/ebook\/#website\"},\"primaryImageOfPage\":{\"@id\":\"https:\/\/svetbohatych.com\/ebook\/objednavka\/#primaryimage\"},\"image\":{\"@id\":\"https:\/\/svetbohatych.com\/ebook\/objednavka\/#primaryimage\"},\"thumbnailUrl\":\"https:\/\/svetbohatych.com\/ebook\/wp-content\/uploads\/2021\/02\/ako-zarabat-online.png\",\"datePublished\":\"2017-07-02T18:47:06+00:00\",\"dateModified\":\"2025-03-10T13:21:06+00:00\",\"breadcrumb\":{\"@id\":\"https:\/\/svetbohatych.com\/ebook\/objednavka\/#breadcrumb\"},\"inLanguage\":\"sk-SK\",\"potentialAction\":[{\"@type\":\"ReadAction\",\"target\":[\"https:\/\/svetbohatych.com\/ebook\/objednavka\/\"]}]},{\"@type\":\"ImageObject\",\"inLanguage\":\"sk-SK\",\"@id\":\"https:\/\/svetbohatych.com\/ebook\/objednavka\/#primaryimage\",\"url\":\"https:\/\/svetbohatych.com\/ebook\/wp-content\/uploads\/2021\/02\/ako-zarabat-online.png\",\"contentUrl\":\"https:\/\/svetbohatych.com\/ebook\/wp-content\/uploads\/2021\/02\/ako-zarabat-online.png\",\"width\":761,\"height\":598},{\"@type\":\"BreadcrumbList\",\"@id\":\"https:\/\/svetbohatych.com\/ebook\/objednavka\/#breadcrumb\",\"itemListElement\":[{\"@type\":\"ListItem\",\"position\":1,\"name\":\"Domovsk\u00e1 str\u00e1nka\",\"item\":\"https:\/\/svetbohatych.com\/ebook\/\"},{\"@type\":\"ListItem\",\"position\":2,\"name\":\"Objedn\u00e1vka\"}]},{\"@type\":\"WebSite\",\"@id\":\"https:\/\/svetbohatych.com\/ebook\/#website\",\"url\":\"https:\/\/svetbohatych.com\/ebook\/\",\"name\":\"E-kniha\",\"description\":\"Zar\u00e1baj peniaze na internete\",\"potentialAction\":[{\"@type\":\"SearchAction\",\"target\":{\"@type\":\"EntryPoint\",\"urlTemplate\":\"https:\/\/svetbohatych.com\/ebook\/?s={search_term_string}\"},\"query-input\":{\"@type\":\"PropertyValueSpecification\",\"valueRequired\":true,\"valueName\":\"search_term_string\"}}],\"inLanguage\":\"sk-SK\"}]}<\/script>\n<!-- \/ Yoast SEO plugin. -->","yoast_head_json":{"title":"Objedn\u00e1vka - E-kniha","robots":{"index":"index","follow":"follow","max-snippet":"max-snippet:-1","max-image-preview":"max-image-preview:large","max-video-preview":"max-video-preview:-1"},"canonical":"https:\/\/svetbohatych.com\/ebook\/objednavka\/","og_locale":"sk_SK","og_type":"article","og_title":"Objedn\u00e1vka - E-kniha","og_description":"Objedn\u00e1vka e-knihy (.pdf) Za\u010dni pracova\u0165 na svojom online pr\u00edjme. Teraz za\u00a024 \u20ac\u00a09,90 \u20ac Zaplaten\u00edm z\u00edska\u0161 e-book \"Ako zar\u00e1ba\u0165 online\" vo form\u00e1te PDF (208 str\u00e1n), posledn\u00e1 aktualiz\u00e1cia j\u00fan 2020 Vstup do uzavretej sekcie, kde n\u00e1jde\u0161 viacero pom\u00f4cok pri budovan\u00ed svojho online pr\u00edjmu Bonusov\u00fa e-knihu: \"Ako na\u0161tartova\u0165 svoju produktivitu\" Do\u017eivotn\u00fd pr\u00edstup ku v\u0161etk\u00fdm aktualiz\u00e1ci\u00e1m","og_url":"https:\/\/svetbohatych.com\/ebook\/objednavka\/","og_site_name":"E-kniha","article_modified_time":"2025-03-10T13:21:06+00:00","og_image":[{"width":761,"height":598,"url":"https:\/\/svetbohatych.com\/ebook\/wp-content\/uploads\/2021\/02\/ako-zarabat-online.png","type":"image\/png"}],"twitter_card":"summary_large_image","twitter_misc":{"Predpokladan\u00fd \u010das \u010d\u00edtania":"3 min\u00faty"},"schema":{"@context":"https:\/\/schema.org","@graph":[{"@type":"WebPage","@id":"https:\/\/svetbohatych.com\/ebook\/objednavka\/","url":"https:\/\/svetbohatych.com\/ebook\/objednavka\/","name":"Objedn\u00e1vka - E-kniha","isPartOf":{"@id":"https:\/\/svetbohatych.com\/ebook\/#website"},"primaryImageOfPage":{"@id":"https:\/\/svetbohatych.com\/ebook\/objednavka\/#primaryimage"},"image":{"@id":"https:\/\/svetbohatych.com\/ebook\/objednavka\/#primaryimage"},"thumbnailUrl":"https:\/\/svetbohatych.com\/ebook\/wp-content\/uploads\/2021\/02\/ako-zarabat-online.png","datePublished":"2017-07-02T18:47:06+00:00","dateModified":"2025-03-10T13:21:06+00:00","breadcrumb":{"@id":"https:\/\/svetbohatych.com\/ebook\/objednavka\/#breadcrumb"},"inLanguage":"sk-SK","potentialAction":[{"@type":"ReadAction","target":["https:\/\/svetbohatych.com\/ebook\/objednavka\/"]}]},{"@type":"ImageObject","inLanguage":"sk-SK","@id":"https:\/\/svetbohatych.com\/ebook\/objednavka\/#primaryimage","url":"https:\/\/svetbohatych.com\/ebook\/wp-content\/uploads\/2021\/02\/ako-zarabat-online.png","contentUrl":"https:\/\/svetbohatych.com\/ebook\/wp-content\/uploads\/2021\/02\/ako-zarabat-online.png","width":761,"height":598},{"@type":"BreadcrumbList","@id":"https:\/\/svetbohatych.com\/ebook\/objednavka\/#breadcrumb","itemListElement":[{"@type":"ListItem","position":1,"name":"Domovsk\u00e1 str\u00e1nka","item":"https:\/\/svetbohatych.com\/ebook\/"},{"@type":"ListItem","position":2,"name":"Objedn\u00e1vka"}]},{"@type":"WebSite","@id":"https:\/\/svetbohatych.com\/ebook\/#website","url":"https:\/\/svetbohatych.com\/ebook\/","name":"E-kniha","description":"Zar\u00e1baj peniaze na internete","potentialAction":[{"@type":"SearchAction","target":{"@type":"EntryPoint","urlTemplate":"https:\/\/svetbohatych.com\/ebook\/?s={search_term_string}"},"query-input":{"@type":"PropertyValueSpecification","valueRequired":true,"valueName":"search_term_string"}}],"inLanguage":"sk-SK"}]}},"_links":{"self":[{"href":"https:\/\/svetbohatych.com\/ebook\/wp-json\/wp\/v2\/pages\/32729","targetHints":{"allow":["GET"]}}],"collection":[{"href":"https:\/\/svetbohatych.com\/ebook\/wp-json\/wp\/v2\/pages"}],"about":[{"href":"https:\/\/svetbohatych.com\/ebook\/wp-json\/wp\/v2\/types\/page"}],"author":[{"embeddable":true,"href":"https:\/\/svetbohatych.com\/ebook\/wp-json\/wp\/v2\/users\/1"}],"replies":[{"embeddable":true,"href":"https:\/\/svetbohatych.com\/ebook\/wp-json\/wp\/v2\/comments?post=32729"}],"version-history":[{"count":105,"href":"https:\/\/svetbohatych.com\/ebook\/wp-json\/wp\/v2\/pages\/32729\/revisions"}],"predecessor-version":[{"id":36093,"href":"https:\/\/svetbohatych.com\/ebook\/wp-json\/wp\/v2\/pages\/32729\/revisions\/36093"}],"wp:attachment":[{"href":"https:\/\/svetbohatych.com\/ebook\/wp-json\/wp\/v2\/media?parent=32729"}],"curies":[{"name":"wp","href":"https:\/\/api.w.org\/{rel}","templated":true}]}}