{"id":32749,"date":"2017-07-03T09:49:25","date_gmt":"2017-07-03T08:49:25","guid":{"rendered":"http:\/\/svetbohatych.com\/ebook\/?page_id=32749"},"modified":"2025-01-19T15:01:01","modified_gmt":"2025-01-19T14:01:01","slug":"vip","status":"publish","type":"page","link":"https:\/\/svetbohatych.com\/ebook\/vip\/","title":{"rendered":"VIP sekcia k eBooku"},"content":{"rendered":"You must be logged in to view this content.","protected":false},"excerpt":{"rendered":"You must be logged in to view this content.","protected":false},"author":1,"featured_media":0,"parent":0,"menu_order":0,"comment_status":"closed","ping_status":"closed","template":"page-template-blank.php","meta":{"_et_pb_use_builder":"on","_et_pb_old_content":"<h2 style=\"text-align: center;\">Vitajte v uzavretej sekcii, ktor\u00e1 je s\u00fa\u010das\u0165ou ebooku <strong>Ako zar\u00e1ba\u0165 online<\/strong><\/h2>\n<p style=\"text-align: center;\"><em>Do tejto sekcie budem prid\u00e1va\u0165 zauj\u00edmav\u00e9 materi\u00e1ly, ktor\u00e9 v\u00e1m pom\u00f4\u017eu pri budovan\u00ed v\u00e1\u0161ho online podnikania.<\/em><\/p>\n\n<h3><strong>Kup\u00f3n Winmedia.sk<\/strong><\/h3>\nAk by ste potrebovali pom\u00f4c\u0165 v oblasti copywritingu, grafick\u00e9ho dizajnu, tvorby webstr\u00e1nok \u010di spr\u00e1vy soci\u00e1lnych siet\u00ed, vyu\u017ei\u0165 m\u00f4\u017eete tento kup\u00f3n. Kolegovia z na\u0161ej agent\u00fary V\u00e1m radi pom\u00f4\u017eu.\n\n<img class=\"aligncenter size-full wp-image-32783\" src=\"http:\/\/svetbohatych.com\/ebook\/wp-content\/uploads\/2017\/07\/kupon.png\" alt=\"\" width=\"900\" height=\"450\" \/>\n<h3><strong>\u0160abl\u00f3na pre eBook (.zip)<\/strong><\/h3>\nNi\u017e\u0161ie si m\u00f4\u017eete stiahnu\u0165 \u0161abl\u00f3nu pre vytvorenie v\u00e1\u0161ho eBooku v PowerPointe. Sta\u010d\u00ed si ju prisp\u00f4sobi\u0165 pod\u013ea svojich po\u017eiadaviek a da\u0165 vyexportova\u0165 do PDF.\n<p style=\"text-align: center;\">[button link=\"http:\/\/svetbohatych.com\/ebook\/wp-content\/uploads\/2017\/07\/ebook-sablona.zip\" type=\"big\" color=\"orange\"] Stiahnu\u0165 \u0161abl\u00f3nu[\/button]<\/p>\n\n<h3><strong>Ve\u013ekos\u0165 fotiek pre Facebook (.pdf)<\/strong><\/h3>\nStiahnite si bro\u017e\u00faru, v ktorej som rie\u0161il jednu z \u010dasto polo\u017een\u00fdch ot\u00e1zok - ak\u00fd rozmer fotiek nahra\u0165 pre Facebook pr\u00edspevky, titulku Facebook str\u00e1nky, profilov\u00fa fotku \u010di udalos\u0165?\n<p style=\"text-align: center;\">[button link=\"http:\/\/svetbohatych.com\/ebook\/wp-content\/uploads\/2017\/07\/Fotografie-facebook.pdf\" type=\"big\" color=\"orange\"] Stiahnu\u0165 PDF[\/button]<\/p>\n\n<h3><strong>SEO checklist (.xls)<\/strong><\/h3>\nPripravil som pre v\u00e1s checklist toho najd\u00f4le\u017eitej\u0161ieho, na \u010do by ste pri zapracovan\u00ed SEO nemali zab\u00fada\u0165.\n<p style=\"text-align: center;\">[button link=\"http:\/\/svetbohatych.com\/ebook\/wp-content\/uploads\/2017\/07\/SEO-checklist.xlsx\" type=\"big\" color=\"orange\"] Stiahnu\u0165 SEO checklist[\/button]<\/p>\n\n<h3><strong>15 Wordpress pluginov, o ktor\u00fdch mus\u00ed\u0161 vedie\u0165 (.pdf)<\/strong><\/h3>\nPo\u010das v\u00fdvoja str\u00e1nok mi rukami pre\u0161li doslova stovky pluginov. Mnoh\u00e9 u\u017e nie s\u00fa v obehu, preto\u017ee ich autor prestal aktualizova\u0165 a niektor\u00e9 pre\u0161li zmenou k lep\u0161iemu. V tejto PDF bro\u017e\u00fare V\u00e1m chcem predstavi\u0165 nieko\u013eko \u010fal\u0161\u00edch Wordpress pluginov (okrem t\u00fdch, \u010do s\u00fa v eBooku), ktor\u00e9 som osobne vysk\u00fa\u0161al a m\u00f4\u017eem ich len odporu\u010di\u0165.\n<p style=\"text-align: center;\">[button link=\"http:\/\/svetbohatych.com\/ebook\/wp-content\/uploads\/2017\/07\/15pluginov.pdf\" type=\"big\" color=\"orange\"] Stiahnu\u0165 preh\u013ead pluginov[\/button]<\/p>\n\n<h3><strong>E-book: Ako na\u0161tartova\u0165 svoju produktivitu (.pdf)<\/strong><\/h3>\nPri budovan\u00ed svojho online podnikania je d\u00f4le\u017eit\u00e9 vedie\u0165 si efekt\u00edvne mana\u017eova\u0165 \u010das a zosta\u0165 produkt\u00edvny. Nebudete ma\u0165 nad sebou \u017eiadneho \u0161\u00e9fa, tak\u017ee je d\u00f4le\u017eit\u00e9 nepod\u013eahn\u00fa\u0165 pohodlnosti a prokrastin\u00e1cii. Ako presta\u0165 plytva\u0165 \u010dasom a by\u0165 produkt\u00edvnej\u0161\u00edm, som zhrnul v tomto eBooku, ktor\u00fd bol k dispoz\u00edcii v klube \"Svet bohat\u00fdch PREMIUM\". Teraz ho d\u00e1vam ako bonus aj pre V\u00e1s :-) Ver\u00edm, \u017ee v\u00e1m prinesie \u010do najviac pozit\u00edvnych zmien.\n<p style=\"text-align: center;\">[button link=\"https:\/\/svetbohatych.com\/ebook\/wp-content\/uploads\/2020\/08\/ako_nastartovat_svoju_produktivitu.pdf\" type=\"big\" color=\"orange\"] Stiahnu\u0165 eBook[\/button]<\/p>\n\n<h3><strong>10 mo\u017enost\u00ed, ako za\u010da\u0165 u\u017e dnes s affiliate marketingom (.pdf)<\/strong><\/h3>\nO affiliate marketingu sme si u\u017e \u010do to povedali, no mnoh\u00ed z v\u00e1s si mo\u017eno st\u00e1le klad\u00fa ot\u00e1zku: ale ako vlastne za\u010da\u0165? Nie je to v\u00f4bec zlo\u017eit\u00e9 - v tomto dokumente v\u00e1m predstav\u00edm 10 konkr\u00e9tnych pr\u00edkladov, ako r\u00fdchlo a jednoducho za\u010da\u0165 s affiliate marketingom u\u017e dnes.\n<p style=\"text-align: center;\">[button link=\"https:\/\/svetbohatych.com\/ebook\/wp-content\/uploads\/2020\/11\/affiliate-moznosti.pdf\" type=\"big\" color=\"orange\"] Stiahnu\u0165 dokument [\/button]<\/p>\n\n<h3><strong>Ebook: Posledn\u00e1 aktualiz\u00e1cia<\/strong><\/h3>\nPosledn\u00fa aktualiz\u00e1ciu eBooku <em>\"Ako zar\u00e1ba\u0165 ONLINE\"<\/em> si m\u00f4\u017eete stiahnu\u0165 ni\u017e\u0161ie (zo d\u0148a 20.6.2020). Aktualizovan\u00e1 bola \u010das\u0165 Tvor\u00edme funguj\u00faci web a niektor\u00e9 \u010dasti v kapitole o SEO a e-mail marketingu.\n<p style=\"text-align: center;\">[button link=\"https:\/\/svetbohatych.com\/ebook\/wp-content\/uploads\/2020\/06\/ebook-azo.zip\" type=\"big\" color=\"orange\"] Stiahnu\u0165 eBook[\/button]<\/p>","_et_gb_content_width":"","footnotes":""},"class_list":["post-32749","page","type-page","status-publish","hentry"],"yoast_head":"<!-- This site is optimized with the Yoast SEO plugin v26.2 - https:\/\/yoast.com\/wordpress\/plugins\/seo\/ -->\n<title>VIP sekcia k eBooku - E-kniha<\/title>\n<meta name=\"robots\" content=\"index, follow, max-snippet:-1, max-image-preview:large, max-video-preview:-1\" \/>\n<link rel=\"canonical\" href=\"https:\/\/svetbohatych.com\/ebook\/vip\/\" \/>\n<meta property=\"og:locale\" content=\"sk_SK\" \/>\n<meta property=\"og:type\" content=\"article\" \/>\n<meta property=\"og:title\" content=\"VIP sekcia k eBooku - E-kniha\" \/>\n<meta property=\"og:description\" content=\"Vitajte vo VIP sekcii T\u00e1to uzavret\u00e1 sekcia je s\u00fa\u010das\u0165ou e-knihy Ako zar\u00e1ba\u0165 online.\u00a0N\u00e1jdete tu zauj\u00edmav\u00e9 materi\u00e1ly a n\u00e1stroje, ktor\u00e9 v\u00e1m pom\u00f4\u017eu pri budovan\u00ed va\u0161ich online projektov.Preh\u013ead n\u00e1strojov a pom\u00f4cokSEO checklist (.xls) Pripravil som pre V\u00e1s checklist toho najd\u00f4le\u017eitej\u0161ieho, na \u010do by ste pri zapracovan\u00ed SEO nemali zab\u00fada\u0165.WN252LVP06Kup\u00f3n: Hosting Wedos so z\u013eavou 70% Ak zaklad\u00e1te firemn\u00fd [&hellip;]\" \/>\n<meta property=\"og:url\" content=\"https:\/\/svetbohatych.com\/ebook\/vip\/\" \/>\n<meta property=\"og:site_name\" content=\"E-kniha\" \/>\n<meta property=\"article:modified_time\" content=\"2025-01-19T14:01:01+00:00\" \/>\n<meta name=\"twitter:card\" content=\"summary_large_image\" \/>\n<meta name=\"twitter:label1\" content=\"Predpokladan\u00fd \u010das \u010d\u00edtania\" \/>\n\t<meta name=\"twitter:data1\" content=\"5 min\u00fat\" \/>\n<script type=\"application\/ld+json\" class=\"yoast-schema-graph\">{\"@context\":\"https:\/\/schema.org\",\"@graph\":[{\"@type\":\"WebPage\",\"@id\":\"https:\/\/svetbohatych.com\/ebook\/vip\/\",\"url\":\"https:\/\/svetbohatych.com\/ebook\/vip\/\",\"name\":\"VIP sekcia k eBooku - E-kniha\",\"isPartOf\":{\"@id\":\"https:\/\/svetbohatych.com\/ebook\/#website\"},\"datePublished\":\"2017-07-03T08:49:25+00:00\",\"dateModified\":\"2025-01-19T14:01:01+00:00\",\"breadcrumb\":{\"@id\":\"https:\/\/svetbohatych.com\/ebook\/vip\/#breadcrumb\"},\"inLanguage\":\"sk-SK\",\"potentialAction\":[{\"@type\":\"ReadAction\",\"target\":[\"https:\/\/svetbohatych.com\/ebook\/vip\/\"]}]},{\"@type\":\"BreadcrumbList\",\"@id\":\"https:\/\/svetbohatych.com\/ebook\/vip\/#breadcrumb\",\"itemListElement\":[{\"@type\":\"ListItem\",\"position\":1,\"name\":\"Domovsk\u00e1 str\u00e1nka\",\"item\":\"https:\/\/svetbohatych.com\/ebook\/\"},{\"@type\":\"ListItem\",\"position\":2,\"name\":\"VIP sekcia k eBooku\"}]},{\"@type\":\"WebSite\",\"@id\":\"https:\/\/svetbohatych.com\/ebook\/#website\",\"url\":\"https:\/\/svetbohatych.com\/ebook\/\",\"name\":\"E-kniha\",\"description\":\"Zar\u00e1baj peniaze na internete\",\"potentialAction\":[{\"@type\":\"SearchAction\",\"target\":{\"@type\":\"EntryPoint\",\"urlTemplate\":\"https:\/\/svetbohatych.com\/ebook\/?s={search_term_string}\"},\"query-input\":{\"@type\":\"PropertyValueSpecification\",\"valueRequired\":true,\"valueName\":\"search_term_string\"}}],\"inLanguage\":\"sk-SK\"}]}<\/script>\n<!-- \/ Yoast SEO plugin. -->","yoast_head_json":{"title":"VIP sekcia k eBooku - E-kniha","robots":{"index":"index","follow":"follow","max-snippet":"max-snippet:-1","max-image-preview":"max-image-preview:large","max-video-preview":"max-video-preview:-1"},"canonical":"https:\/\/svetbohatych.com\/ebook\/vip\/","og_locale":"sk_SK","og_type":"article","og_title":"VIP sekcia k eBooku - E-kniha","og_description":"Vitajte vo VIP sekcii T\u00e1to uzavret\u00e1 sekcia je s\u00fa\u010das\u0165ou e-knihy Ako zar\u00e1ba\u0165 online.\u00a0N\u00e1jdete tu zauj\u00edmav\u00e9 materi\u00e1ly a n\u00e1stroje, ktor\u00e9 v\u00e1m pom\u00f4\u017eu pri budovan\u00ed va\u0161ich online projektov.Preh\u013ead n\u00e1strojov a pom\u00f4cokSEO checklist (.xls) Pripravil som pre V\u00e1s checklist toho najd\u00f4le\u017eitej\u0161ieho, na \u010do by ste pri zapracovan\u00ed SEO nemali zab\u00fada\u0165.WN252LVP06Kup\u00f3n: Hosting Wedos so z\u013eavou 70% Ak zaklad\u00e1te firemn\u00fd [&hellip;]","og_url":"https:\/\/svetbohatych.com\/ebook\/vip\/","og_site_name":"E-kniha","article_modified_time":"2025-01-19T14:01:01+00:00","twitter_card":"summary_large_image","twitter_misc":{"Predpokladan\u00fd \u010das \u010d\u00edtania":"5 min\u00fat"},"schema":{"@context":"https:\/\/schema.org","@graph":[{"@type":"WebPage","@id":"https:\/\/svetbohatych.com\/ebook\/vip\/","url":"https:\/\/svetbohatych.com\/ebook\/vip\/","name":"VIP sekcia k eBooku - E-kniha","isPartOf":{"@id":"https:\/\/svetbohatych.com\/ebook\/#website"},"datePublished":"2017-07-03T08:49:25+00:00","dateModified":"2025-01-19T14:01:01+00:00","breadcrumb":{"@id":"https:\/\/svetbohatych.com\/ebook\/vip\/#breadcrumb"},"inLanguage":"sk-SK","potentialAction":[{"@type":"ReadAction","target":["https:\/\/svetbohatych.com\/ebook\/vip\/"]}]},{"@type":"BreadcrumbList","@id":"https:\/\/svetbohatych.com\/ebook\/vip\/#breadcrumb","itemListElement":[{"@type":"ListItem","position":1,"name":"Domovsk\u00e1 str\u00e1nka","item":"https:\/\/svetbohatych.com\/ebook\/"},{"@type":"ListItem","position":2,"name":"VIP sekcia k eBooku"}]},{"@type":"WebSite","@id":"https:\/\/svetbohatych.com\/ebook\/#website","url":"https:\/\/svetbohatych.com\/ebook\/","name":"E-kniha","description":"Zar\u00e1baj peniaze na internete","potentialAction":[{"@type":"SearchAction","target":{"@type":"EntryPoint","urlTemplate":"https:\/\/svetbohatych.com\/ebook\/?s={search_term_string}"},"query-input":{"@type":"PropertyValueSpecification","valueRequired":true,"valueName":"search_term_string"}}],"inLanguage":"sk-SK"}]}},"_links":{"self":[{"href":"https:\/\/svetbohatych.com\/ebook\/wp-json\/wp\/v2\/pages\/32749","targetHints":{"allow":["GET"]}}],"collection":[{"href":"https:\/\/svetbohatych.com\/ebook\/wp-json\/wp\/v2\/pages"}],"about":[{"href":"https:\/\/svetbohatych.com\/ebook\/wp-json\/wp\/v2\/types\/page"}],"author":[{"embeddable":true,"href":"https:\/\/svetbohatych.com\/ebook\/wp-json\/wp\/v2\/users\/1"}],"replies":[{"embeddable":true,"href":"https:\/\/svetbohatych.com\/ebook\/wp-json\/wp\/v2\/comments?post=32749"}],"version-history":[{"count":77,"href":"https:\/\/svetbohatych.com\/ebook\/wp-json\/wp\/v2\/pages\/32749\/revisions"}],"predecessor-version":[{"id":35937,"href":"https:\/\/svetbohatych.com\/ebook\/wp-json\/wp\/v2\/pages\/32749\/revisions\/35937"}],"wp:attachment":[{"href":"https:\/\/svetbohatych.com\/ebook\/wp-json\/wp\/v2\/media?parent=32749"}],"curies":[{"name":"wp","href":"https:\/\/api.w.org\/{rel}","templated":true}]}}